{"id":123,"date":"2013-01-09T21:33:23","date_gmt":"2013-01-09T21:33:23","guid":{"rendered":"http:\/\/www.cwamanagement.com\/servicos\/"},"modified":"2013-03-25T18:26:45","modified_gmt":"2013-03-25T18:26:45","slug":"servicos","status":"publish","type":"page","link":"https:\/\/www.cwamanagement.com\/pt-br\/servicos\/","title":{"rendered":"Servi\u00e7os"},"content":{"rendered":"<p style=\"text-align: center;\"><img loading=\"lazy\" decoding=\"async\" class=\"size-full wp-image-25 aligncenter\" alt=\"picArea_crowd\" src=\"http:\/\/www.cwamanagement.com\/wp-content\/uploads\/2013\/01\/picArea_crowd.jpg\" width=\"500\" height=\"193\" srcset=\"https:\/\/www.cwamanagement.com\/wp-content\/uploads\/2013\/01\/picArea_crowd.jpg 500w, https:\/\/www.cwamanagement.com\/wp-content\/uploads\/2013\/01\/picArea_crowd-300x115.jpg 300w\" sizes=\"auto, (max-width: 500px) 100vw, 500px\" \/><\/p>\n<p><strong>N\u00f3s os ajudamamos a evitar o excesso de reten\u00e7\u00e3o de Imposto de Renda EUA<\/strong><\/p>\n<p style=\"padding-left: 30px;\">CWA Management, negocia com a Receita Federal, em nome de n\u00e3o residentes estrangeiros atletas e artistas. N\u00f3s desenvolvemos e executamos acordos de Reten\u00e7\u00e3o Central (CWA), que limitam reten\u00e7\u00e3o na fonte de rendimentos auferidos a partir de performances e apari\u00e7\u00f5es dos EUA, bem como autentica\u00e7\u00f5es, patroc\u00ednios e outras fontes.<\/p>\n<p>&nbsp;<\/p>\n<ul>\n<ul>\n<li><strong>Obtendo o CWA<\/strong>\n<ul>\n<li>O imposto de renda dos EUA \u00e9 retido apenas sobre o lucro l\u00edquido projetado e est\u00e1 retido por apenas um agente de reten\u00e7\u00e3o designado.<\/li>\n<\/ul>\n<\/li>\n<\/ul>\n<\/ul>\n<ul>\n<ul>\n<li><strong>Se n\u00e3o obter o CWA<\/strong>\n<ul>\n<li>A se\u00e7\u00e3o 1441 do c\u00f3digo Interno de Receita exige que 30% da renda bruta projetada para n\u00e3o residentes atletas estrangeiros e animadores seja retido na fonte e depositado para esses artistas no Tesouro dos EUA.<\/li>\n<\/ul>\n<\/li>\n<\/ul>\n<\/ul>\n<p style=\"padding-left: 30px;\">Reten\u00e7\u00e3o na fonte pode incluir o local do evento, promotor, agente de reservas, e qualquer outra pessoa que tenha controle, recep\u00e7\u00e3o, guarda, aliena\u00e7\u00e3o ou pagamento de quaisquer coisa que constituem rendimento bruto. Sem coordena\u00e7\u00e3o de um agente de reten\u00e7\u00e3o designado central, v\u00e1rias reten\u00e7\u00f5es podem acontecer.<\/p>\n<p><strong>O que CWA Management Pode fazer por voc\u00ea<\/strong><\/p>\n<ul>\n<li>Garantir a sua complac\u00eancia com os requisitos do IRS<\/li>\n<\/ul>\n<ul>\n<li>Trabalhar com voc\u00ea para desenvolver um or\u00e7amento de desempenho detalhado<\/li>\n<\/ul>\n<ul>\n<li>Negociar um acordo de Reten\u00e7\u00e3o Central com o IRS<\/li>\n<\/ul>\n<ul>\n<li>Opera\u00e7\u00f5es de dep\u00f3sitos exigidos pela CWA executado<\/li>\n<\/ul>\n<ul>\n<li>Apresentar o Formul\u00e1rio 1042 e Formul\u00e1rio 1042-S para o ano fiscal e rendimentos abrangidos pelo CWA<\/li>\n<\/ul>\n<p><strong>Por que escolher CWA Management?<\/strong><\/p>\n<ul style=\"padding-left: 30px;\">\n<li>\u00a0F<strong>oco\u00a0&#8211;\u00a0<\/strong>Somos uma das primeiras empresas nos EUA a se especializar na negocia\u00e7\u00e3o e execu\u00e7\u00e3o de acordos de Reten\u00e7\u00e3o Central com o IRS.<\/li>\n<\/ul>\n<ul style=\"padding-left: 30px;\">\n<li><strong>Conhecimento\u00a0&#8211;\u00a0<\/strong>CWA Management \u00e9 liderada por dois parceiros com empresas estabelecidas, carreiras de sucesso em gest\u00e3o financeira e, fiscais e servi\u00e7os de contabilidade de longa data.<\/li>\n<\/ul>\n<ul style=\"padding-left: 30px;\">\n<li><strong>Servi\u00e7o\u00a0&#8211;\u00a0<\/strong>N\u00e3o s\u00f3 sabemos o que fazer, mas tamb\u00e9m sabemos como fornecer servi\u00e7os que voc\u00ea pode confiar. Tratomos do seu neg\u00f3cio com seriedade. N\u00f3s representamos os seus interesses com o IRS. Quando voc\u00ea tiver d\u00favidas, n\u00f3s te responderemos de uma forma atempada e completa. E, quando n\u00f3s representamos seus interesses com a Receita Federal, voc\u00ea pode esperar aten\u00e7\u00e3o aos detalhes, de cada passo do processo.<\/li>\n<\/ul>\n<ul style=\"padding-left: 30px;\">\n<li><strong>Integridade\u00a0&#8211;\u00a0<\/strong>Integridade pessoal e profissional n\u00e3o \u00e9 negoci\u00e1vel. Levamos nosso compromisso com os clientes a s\u00e9rio e atend\u00ea-lo com os mais altos padr\u00f5es \u00e9ticos e profissionais.<\/li>\n<\/ul>\n","protected":false},"excerpt":{"rendered":"<p>N\u00f3s os ajudamamos a evitar o excesso de reten\u00e7\u00e3o de Imposto de Renda EUA CWA Management, negocia com a Receita Federal, em nome de n\u00e3o residentes estrangeiros atletas e artistas. N\u00f3s desenvolvemos e executamos acordos de Reten\u00e7\u00e3o Central (CWA), que limitam reten\u00e7\u00e3o na fonte de rendimentos auferidos a partir de performances e apari\u00e7\u00f5es dos EUA, [&hellip;]<\/p>\n","protected":false},"author":3,"featured_media":0,"parent":0,"menu_order":0,"comment_status":"closed","ping_status":"closed","template":"","meta":{"_exactmetrics_skip_tracking":false,"_exactmetrics_sitenote_active":false,"_exactmetrics_sitenote_note":"","_exactmetrics_sitenote_category":0,"footnotes":""},"class_list":["post-123","page","type-page","status-publish","czr-hentry"],"_links":{"self":[{"href":"https:\/\/www.cwamanagement.com\/pt-br\/wp-json\/wp\/v2\/pages\/123","targetHints":{"allow":["GET"]}}],"collection":[{"href":"https:\/\/www.cwamanagement.com\/pt-br\/wp-json\/wp\/v2\/pages"}],"about":[{"href":"https:\/\/www.cwamanagement.com\/pt-br\/wp-json\/wp\/v2\/types\/page"}],"author":[{"embeddable":true,"href":"https:\/\/www.cwamanagement.com\/pt-br\/wp-json\/wp\/v2\/users\/3"}],"replies":[{"embeddable":true,"href":"https:\/\/www.cwamanagement.com\/pt-br\/wp-json\/wp\/v2\/comments?post=123"}],"version-history":[{"count":2,"href":"https:\/\/www.cwamanagement.com\/pt-br\/wp-json\/wp\/v2\/pages\/123\/revisions"}],"predecessor-version":[{"id":162,"href":"https:\/\/www.cwamanagement.com\/pt-br\/wp-json\/wp\/v2\/pages\/123\/revisions\/162"}],"wp:attachment":[{"href":"https:\/\/www.cwamanagement.com\/pt-br\/wp-json\/wp\/v2\/media?parent=123"}],"curies":[{"name":"wp","href":"https:\/\/api.w.org\/{rel}","templated":true}]}}