{"id":117,"date":"2013-01-09T21:29:13","date_gmt":"2013-01-09T21:29:13","guid":{"rendered":"http:\/\/www.cwamanagement.com\/faq-2\/"},"modified":"2013-03-25T18:45:37","modified_gmt":"2013-03-25T18:45:37","slug":"faq","status":"publish","type":"page","link":"https:\/\/www.cwamanagement.com\/pt-br\/faq\/","title":{"rendered":"FAQ"},"content":{"rendered":"<p style=\"text-align: center;\"><img loading=\"lazy\" decoding=\"async\" class=\"size-full wp-image-13 aligncenter\" alt=\"picArea_books\" src=\"http:\/\/www.cwamanagement.com\/wp-content\/uploads\/2013\/01\/picArea_books.jpg\" width=\"500\" height=\"193\" srcset=\"https:\/\/www.cwamanagement.com\/wp-content\/uploads\/2013\/01\/picArea_books.jpg 500w, https:\/\/www.cwamanagement.com\/wp-content\/uploads\/2013\/01\/picArea_books-300x115.jpg 300w\" sizes=\"auto, (max-width: 500px) 100vw, 500px\" \/><\/p>\n<p>&nbsp;<\/p>\n<ul>\n<li><span style=\"color: #000000;\"><strong>\u00a0O que \u00e9 um Contrato de Reten\u00e7\u00e3o Central (CWA)?<\/strong><\/span><\/li>\n<\/ul>\n<p style=\"padding-left: 30px;\">Um Acordo de Reten\u00e7\u00e3o Central \u00e9 um contrato entre tr\u00eas partes: um atleta ou artista n\u00e3o-residente, um pagamento \/ reten\u00e7\u00e3o agente que representa o atleta ou artista, e a Receita Federal. Este contrato apresenta ao IRS com um or\u00e7amento para o passeio ou evento, incluindo uma estimativa de despesas que ser\u00e3o pagas pelo artista ou atleta. A Receita Federal analisa o contrato e informa o agente de reten\u00e7\u00e3o do valor a ser retida com base no lucro l\u00edquido projetado em vez de lucro bruto, utilizando as mesmas taxas graduadas reconhecidas aos cidad\u00e3os Americanos e residentes.<\/p>\n<ul>\n<li><span style=\"color: #000000;\">\u00a0<strong>Quem \u00e9 um n\u00e3o-residente?<\/strong><\/span><\/li>\n<\/ul>\n<p style=\"padding-left: 30px;\">Qualquer pessoa que n\u00e3o \u00e9 um cidad\u00e3o dos EUA ou residente dos EUA com status de \u201cGreen Card\u201d \u00e9 considerado um n\u00e3o-residente.<\/p>\n<ul>\n<li><span style=\"color: #000000;\">\u00a0<strong>O que \u00e9 um agente de reten\u00e7\u00e3o?<\/strong><\/span><\/li>\n<\/ul>\n<p>Um agente de reten\u00e7\u00e3o \u00e9 qualquer pessoa que tem recebimento, controle, guarda e aliena\u00e7\u00e3o de renda de um estrangeiro n\u00e3o residente, que est\u00e1 sujeito a reten\u00e7\u00e3o na fonte em leis tribut\u00e1rias dos EUA. Um agente de reten\u00e7\u00e3o aceita a responsabilidade pessoal para o imposto a ser retido.<br \/>\nEmbora possa haver muitos agentes de reten\u00e7\u00e3o para a mesma opera\u00e7\u00e3o, a Receita Federal exige reten\u00e7\u00e3o na fonte apenas uma vez. Por conseguinte, tendo um agente de reten\u00e7\u00e3o designado nos EUA elimina o potencial de reten\u00e7\u00e3o duplicado.<\/p>\n<p style=\"text-align: center;\"><span style=\"color: #0000ff;\"><b>IMPORTANTE: O IRS vai SOMENTE negociar acordos Reten\u00e7\u00e3o Central com agentes de reten\u00e7\u00e3o que s\u00e3o autorizados e habilitados a faz\u00ea-lo.<\/b><\/span><\/p>\n<p>&nbsp;<\/p>\n<ul>\n<li><strong>A aplica\u00e7\u00e3o CWA para o IRS \u00e9 complexo?<\/strong><\/li>\n<\/ul>\n<p style=\"padding-left: 60px;\">A aplica\u00e7\u00e3o CWA requere o seguinte:<\/p>\n<p style=\"padding-left: 60px;\"><span style=\"color: #000000;\">Contrato especificando a remunera\u00e7\u00e3o que o estrangeiro n\u00e3o residente vai ganhar nos EUA<br \/>\n<\/span>Estimativa de gastos nos EUA, que o estrangeiro n\u00e3o residente espera pagar em rela\u00e7\u00e3o ao que a renda projetada<br \/>\nOs nomes e endere\u00e7os de todos os estrangeiros n\u00e3o-residentes abrangidos pelo acordo<br \/>\n<span style=\"color: #000000;\">Itiner\u00e1rio de todas as datas, locais e eventos abrangidos pelo acordo<br \/>\nC\u00f3pias de todos os contratos que os estrangeiros n\u00e3o residentes abrangidos ou os seus agentes e representantes tenham entrado em rela\u00e7\u00e3o ao per\u00edodo de tempo e desempenho e eventos a serem cobertos pelo acordo<br \/>\nContatos no Brasil em caso o IRS precisar de informa\u00e7\u00f5es adicionais para processar o contrato (incluindo um formul\u00e1rio totalmente executado 8821 ou o Formul\u00e1rio 2848)<br \/>\nNome, endere\u00e7o e n\u00famero de identifica\u00e7\u00e3o do empregador do agente de reten\u00e7\u00e3o proposta para o acordo<\/span><\/p>\n<ul>\n<li><strong>Com quanto tempo de anteced\u00eancia \u00e9 necess\u00e1rio entrar em contato com o CWA Management?<\/strong><\/li>\n<\/ul>\n<p style=\"padding-left: 60px;\">Quanto mais cedo estivermos envolvidos melhor poderemos representar seus interesses. Entendemos a natureza do neg\u00f3cios tanto na \u00e1rea esportiva como na artistica, e faremos tudo o que pudermos para ajudar voc\u00ea a aproveitar as oportunidades emergentes. Como orienta\u00e7\u00e3o geral, qualquer pessoa que solicite uma CWA deve aplicar para o acordo com a Receita Federal, pelo menos 45 dias antes do primeiro show do seu itiner\u00e1rio. Precisamos estar envolvidos na negocia\u00e7\u00e3o por pelo duas semanas antes dos <strong>45<\/strong> dias requeridos pelo IRS (Receita Federal dos EUA).<\/p>\n","protected":false},"excerpt":{"rendered":"<p>&nbsp; \u00a0O que \u00e9 um Contrato de Reten\u00e7\u00e3o Central (CWA)? Um Acordo de Reten\u00e7\u00e3o Central \u00e9 um contrato entre tr\u00eas partes: um atleta ou artista n\u00e3o-residente, um pagamento \/ reten\u00e7\u00e3o agente que representa o atleta ou artista, e a Receita Federal. Este contrato apresenta ao IRS com um or\u00e7amento para o passeio ou evento, incluindo [&hellip;]<\/p>\n","protected":false},"author":3,"featured_media":0,"parent":0,"menu_order":0,"comment_status":"open","ping_status":"closed","template":"","meta":{"_exactmetrics_skip_tracking":false,"_exactmetrics_sitenote_active":false,"_exactmetrics_sitenote_note":"","_exactmetrics_sitenote_category":0,"footnotes":""},"class_list":["post-117","page","type-page","status-publish","czr-hentry"],"_links":{"self":[{"href":"https:\/\/www.cwamanagement.com\/pt-br\/wp-json\/wp\/v2\/pages\/117","targetHints":{"allow":["GET"]}}],"collection":[{"href":"https:\/\/www.cwamanagement.com\/pt-br\/wp-json\/wp\/v2\/pages"}],"about":[{"href":"https:\/\/www.cwamanagement.com\/pt-br\/wp-json\/wp\/v2\/types\/page"}],"author":[{"embeddable":true,"href":"https:\/\/www.cwamanagement.com\/pt-br\/wp-json\/wp\/v2\/users\/3"}],"replies":[{"embeddable":true,"href":"https:\/\/www.cwamanagement.com\/pt-br\/wp-json\/wp\/v2\/comments?post=117"}],"version-history":[{"count":1,"href":"https:\/\/www.cwamanagement.com\/pt-br\/wp-json\/wp\/v2\/pages\/117\/revisions"}],"predecessor-version":[{"id":164,"href":"https:\/\/www.cwamanagement.com\/pt-br\/wp-json\/wp\/v2\/pages\/117\/revisions\/164"}],"wp:attachment":[{"href":"https:\/\/www.cwamanagement.com\/pt-br\/wp-json\/wp\/v2\/media?parent=117"}],"curies":[{"name":"wp","href":"https:\/\/api.w.org\/{rel}","templated":true}]}}