{"id":132,"date":"2013-01-09T21:33:23","date_gmt":"2013-01-09T21:33:23","guid":{"rendered":"http:\/\/www.cwamanagement.com\/services-2\/"},"modified":"2013-07-30T01:47:14","modified_gmt":"2013-07-30T01:47:14","slug":"services","status":"publish","type":"page","link":"https:\/\/www.cwamanagement.com\/fr\/services\/","title":{"rendered":"Services"},"content":{"rendered":"<p style=\"text-align: center;\"><img loading=\"lazy\" decoding=\"async\" class=\"size-full wp-image-25 aligncenter\" alt=\"picArea_crowd\" src=\"http:\/\/www.cwamanagement.com\/wp-content\/uploads\/2013\/01\/picArea_crowd.jpg\" width=\"500\" height=\"193\" srcset=\"https:\/\/www.cwamanagement.com\/wp-content\/uploads\/2013\/01\/picArea_crowd.jpg 500w, https:\/\/www.cwamanagement.com\/wp-content\/uploads\/2013\/01\/picArea_crowd-300x115.jpg 300w\" sizes=\"auto, (max-width: 500px) 100vw, 500px\" \/><\/p>\n<p><strong>Nous pouvons vous aider \u00e0 \u00e9viter toute sur-retenue d&#8217;imp\u00f4t sur le revenu Am\u00e9ricain<\/strong><\/p>\n<p style=\"padding-left: 30px;\">CWA Management, peut n\u00e9gocier le taux de retenue avec le service des imp\u00f4ts am\u00e9ricain au nom des athl\u00e8tes et Artistes non-r\u00e9sidents am\u00e9ricains.<br \/>\nNous d\u00e9veloppons et ex\u00e9cutons les accords de retenue \u00e0 la source centrale &#8220;Central Withholding Agreements CWA&#8221; qui limitent la sur-retenue des revenus aux Etats Unis issus d&#8217;activit\u00e9s, spectacles, endossements, sponsors et autres sources.<\/p>\n<p>&nbsp;<\/p>\n<ul>\n<ul>\n<li><strong>Avec un\u00a0CWA<\/strong>\n<ul>\n<li>L&#8217;Imp\u00f4t sur le revenu am\u00e9ricain est retenu uniquement sur le revenu NET estim\u00e9 et est retenu par un seul agent de retenue d\u00e9sign\u00e9.<\/li>\n<\/ul>\n<\/li>\n<\/ul>\n<\/ul>\n<ul>\n<ul>\n<li><strong>Sans un\u00a0CWA<\/strong>\n<ul>\n<li>Section 1441 du code du revenu interne exige que 30% du revenu BRUT estim\u00e9 des athl\u00e8tes et artistes \u00e9trangers non-r\u00e9sidents soit retenu \u00e0 la source et d\u00e9pos\u00e9 pour ces derniers dans le Tr\u00e9sor am\u00e9ricain.<\/li>\n<\/ul>\n<\/li>\n<\/ul>\n<\/ul>\n<p style=\"padding-left: 30px;\">La retenue \u00e0 la source peut comprendre le lieu, promoteur, agent de r\u00e9servation, et toute autre personne ayant autorit\u00e9, la r\u00e9ception, la garde, la disposition ou le paiement de tous les \u00e9l\u00e9ments qui constituent le revenu brut. Sans coordination d&#8217;un agent de retenue centrale d\u00e9sign\u00e9, plusieurs retenues pourraient prendre place.<\/p>\n<p><strong>Voici ce que CWA Management pourrait faire pour vous:<\/strong><\/p>\n<ul>\n<li>Assurez votre conformit\u00e9 aux exigences de l&#8217;IRS<\/li>\n<\/ul>\n<ul>\n<li>Travailler avec vous pour \u00e9laborer un budget d\u00e9taill\u00e9 performant<\/li>\n<\/ul>\n<ul>\n<li>N\u00e9gocier un accord de retenue \u00e0 la source centrale avec l&#8217;IRS<\/li>\n<\/ul>\n<ul>\n<li>D\u00e9p\u00f4t des Op\u00e9rations requises par le CWA ex\u00e9cut\u00e9<\/li>\n<\/ul>\n<ul>\n<li>Remplir les formulaires 1042 et 1042-S pour l&#8217;ann\u00e9e fiscale et les revenus couverts par le CWA<\/li>\n<\/ul>\n<p><strong>Pourquoi choisir CWA Management?<\/strong><\/p>\n<ul style=\"padding-left: 30px;\">\n<li>\u00a0<strong>Focus<\/strong> &#8211; Nous sommes l&#8217;une des premi\u00e8res entreprises am\u00e9ricaines \u00e0 se sp\u00e9cialiser dans la n\u00e9gociation et l&#8217;ex\u00e9cution des accords de retenues \u00e0 la source centrale avec le service des imp\u00f4ts am\u00e9ricain IRS.<\/li>\n<\/ul>\n<ul style=\"padding-left: 30px;\">\n<li><strong>Le Savoir<\/strong> &#8211; CWA Management est dirig\u00e9e par deux associ\u00e9s qui ont tous deux \u00e9tablis de longues et brillantes carri\u00e8res dans la gestion financi\u00e8re, la fiscalit\u00e9 et la comptabilit\u00e9.<\/li>\n<\/ul>\n<ul style=\"padding-left: 30px;\">\n<li><strong>Service &#8211;\u00a0<\/strong>Non seulement nous savons ce qu&#8217;il faut faire, nous savons aussi comment fournir le service sur lequel vous pouvez compter. Nous prenons votre entreprise au s\u00e9rieux. Nous repr\u00e9sentons vos int\u00e9r\u00eats avec l&#8217;IRS. Quand vous avez des questions, nous vous r\u00e9pondrons dans les meilleurs et brefs d\u00e9lais. Et, lorsque nous repr\u00e9sentons vos int\u00e9r\u00eats avec l&#8217;IRS, vous pouvez vous attendre \u00e0 une grande attention au d\u00e9tail tout au long du processus.<\/li>\n<\/ul>\n<ul style=\"padding-left: 30px;\">\n<li><strong>Int\u00e9grit\u00e9<\/strong> &#8211; L&#8217;int\u00e9grit\u00e9 personnelle et professionnelle est non-n\u00e9gociable. Nous prenons notre engagement envers nos clients au s\u00e9rieux et nous vous servirons, sans faille, avec professionnalisme et des normes d&#8217;\u00e9thiques les plus \u00e9lev\u00e9es.<\/li>\n<\/ul>\n","protected":false},"excerpt":{"rendered":"<p>Nous pouvons vous aider \u00e0 \u00e9viter toute sur-retenue d&#8217;imp\u00f4t sur le revenu Am\u00e9ricain CWA Management, peut n\u00e9gocier le taux de retenue avec le service des imp\u00f4ts am\u00e9ricain au nom des athl\u00e8tes et Artistes non-r\u00e9sidents am\u00e9ricains. Nous d\u00e9veloppons et ex\u00e9cutons les accords de retenue \u00e0 la source centrale &#8220;Central Withholding Agreements CWA&#8221; qui limitent la sur-retenue [&hellip;]<\/p>\n","protected":false},"author":3,"featured_media":0,"parent":0,"menu_order":0,"comment_status":"closed","ping_status":"closed","template":"","meta":{"_exactmetrics_skip_tracking":false,"_exactmetrics_sitenote_active":false,"_exactmetrics_sitenote_note":"","_exactmetrics_sitenote_category":0,"footnotes":""},"class_list":["post-132","page","type-page","status-publish","czr-hentry"],"_links":{"self":[{"href":"https:\/\/www.cwamanagement.com\/fr\/wp-json\/wp\/v2\/pages\/132","targetHints":{"allow":["GET"]}}],"collection":[{"href":"https:\/\/www.cwamanagement.com\/fr\/wp-json\/wp\/v2\/pages"}],"about":[{"href":"https:\/\/www.cwamanagement.com\/fr\/wp-json\/wp\/v2\/types\/page"}],"author":[{"embeddable":true,"href":"https:\/\/www.cwamanagement.com\/fr\/wp-json\/wp\/v2\/users\/3"}],"replies":[{"embeddable":true,"href":"https:\/\/www.cwamanagement.com\/fr\/wp-json\/wp\/v2\/comments?post=132"}],"version-history":[{"count":2,"href":"https:\/\/www.cwamanagement.com\/fr\/wp-json\/wp\/v2\/pages\/132\/revisions"}],"predecessor-version":[{"id":251,"href":"https:\/\/www.cwamanagement.com\/fr\/wp-json\/wp\/v2\/pages\/132\/revisions\/251"}],"wp:attachment":[{"href":"https:\/\/www.cwamanagement.com\/fr\/wp-json\/wp\/v2\/media?parent=132"}],"curies":[{"name":"wp","href":"https:\/\/api.w.org\/{rel}","templated":true}]}}