{"id":151,"date":"2013-01-09T21:29:13","date_gmt":"2013-01-09T21:29:13","guid":{"rendered":"http:\/\/www.cwamanagement.com\/faq-2\/"},"modified":"2014-01-29T23:03:56","modified_gmt":"2014-01-29T23:03:56","slug":"faq","status":"publish","type":"page","link":"https:\/\/www.cwamanagement.com\/es\/faq\/","title":{"rendered":"FAQ"},"content":{"rendered":"<p style=\"text-align: center;\"><img loading=\"lazy\" decoding=\"async\" class=\"size-full wp-image-13 aligncenter\" alt=\"picArea_books\" src=\"http:\/\/www.cwamanagement.com\/wp-content\/uploads\/2013\/01\/picArea_books.jpg\" width=\"500\" height=\"193\" srcset=\"https:\/\/www.cwamanagement.com\/wp-content\/uploads\/2013\/01\/picArea_books.jpg 500w, https:\/\/www.cwamanagement.com\/wp-content\/uploads\/2013\/01\/picArea_books-300x115.jpg 300w\" sizes=\"auto, (max-width: 500px) 100vw, 500px\" \/><\/p>\n<p>&nbsp;<\/p>\n<ul>\n<li><span style=\"color: #000000;\"><strong>\u00a0\u00bfQu\u00e9 es un Acuerdo de Retenci\u00f3n central (CWA)?<\/strong><\/span><\/li>\n<\/ul>\n<p style=\"padding-left: 30px;\">Un Acuerdo de Retenci\u00f3n Central es un contrato entre tres partes: un atleta no residente o artista, un agente de pago \u00a0retenci\u00f3n representando el atleta o artista, y el Servicio de Impuestos Internos. Este contrato presenta al IRS con un presupuesto por la gira o el evento, incluyendo una estimaci\u00f3n de los gastos que se pagar\u00e1n por el artista o deportista. El IRS revisa el contrato e informa al agente de retenci\u00f3n de la cantidad que se debe retener basado en \u00a0ganancias <strong>NETAS<\/strong> proyectadas en lugar de los ingresos brutos, con los mismos tipos de graduados que ofrece a los ciudadanos y residentes de Estados Unidos.<\/p>\n<p>&nbsp;<\/p>\n<ul>\n<li><strong><span style=\"color: #000000;\">\u00a0\u00bfQui\u00e9n es un extranjero no residente?<\/span><\/strong><\/li>\n<\/ul>\n<p style=\"padding-left: 30px;\">Cualquier persona que no es ciudadano de EE.UU. o residente de los EE.UU. con &#8216;tarjeta verde&#8217; se considera un extranjero no residente.<\/p>\n<p>&nbsp;<\/p>\n<ul>\n<li><span style=\"color: #000000;\">\u00a0<strong>\u00bfQu\u00e9 es un Agente de Retenci\u00f3n?<\/strong><\/span><\/li>\n<\/ul>\n<p style=\"padding-left: 30px;\">Un agente de retenci\u00f3n es una persona que tiene la recepci\u00f3n, control, custodia y utilizaci\u00f3n de los ingresos de un extranjero no residente que est\u00e1 sujeta a retenci\u00f3n en virtud de la ley de impuestos de EE.UU.. Un agente de retenci\u00f3n acepta la responsabilidad personal por el impuesto que se retendr\u00e1.<\/p>\n<p style=\"padding-left: 30px;\">Aunque puede haber muchos agentes de retenci\u00f3n de la misma transacci\u00f3n, el IRS requiere s\u00f3lo que la retenci\u00f3n se haga una sola vez. Por lo tanto, tener un agente de retenci\u00f3n designado EE.UU. elimina el potencial de retenci\u00f3n duplicado.<\/p>\n<p style=\"padding-left: 30px;\"><span style=\"color: #0000ff;\"><strong>IMPORTANTE: El IRS SOLAMENTE negocia acuerdos de Retenci\u00f3n centrales con los agentes de retenci\u00f3n que est\u00e9n autorizados y cualificados para hacerlo.<\/strong><\/span><\/p>\n<p>&nbsp;<\/p>\n<ul>\n<li><strong>\u00bfQu\u00e9 tan complejo es la aplicaci\u00f3n CWA al IRS?<\/strong><\/li>\n<\/ul>\n<p style=\"padding-left: 30px;\">La aplicaci\u00f3n CWA requiere la siguiente informaci\u00f3n:<\/p>\n<p style=\"padding-left: 30px;\">El Contrato especifica la compensaci\u00f3n que ganar\u00e1 en los EE.UU. el extranjero no residente.<br \/>\nLa estimaci\u00f3n de los gastos en los Estados Unidos que el extranjero no residente espera pagar con relaci\u00f3n de los ingresos proyectados.<br \/>\nLos nombres y direcciones de todos los extranjeros no residentes incluidos en el acuerdo.<br \/>\nItinerario de todas las fechas, lugares y eventos cubiertos por el acuerdo.<br \/>\nCopias de todos los contratos de los extranjeros no residentes y de sus agentes y representantes que han entrado en relaci\u00f3n con el per\u00edodo de tiempo y las actuaciones o eventos para ser cubiertos por el acuerdo<br \/>\nLa persona encargada en caso de que el IRS necesite informaci\u00f3n adicional para procesar el acuerdo (incluyendo un formulario totalmente ejecutado 8821 o el Formulario 2848)<br \/>\nNombre, direcci\u00f3n y n\u00famero de identificaci\u00f3n patronal de la agente de retenci\u00f3n propuesto para el acuerdo.<\/p>\n<p>&nbsp;<\/p>\n<ul>\n<li><strong>\u00bfCon cu\u00e1nta anticipaci\u00f3n debo contactar al \u00a0CWA Management?<\/strong><\/li>\n<\/ul>\n<p style=\"padding-left: 30px;\">Cuanto antes nos involucramos mejor podremos representar sus intereses. Sin embargo, entendemos la naturaleza de ritmo r\u00e1pido de las industrias deportivas y de entretenimiento, y haremos todo lo posible para ayudarle a aprovechar las oportunidades emergentes. Como regla general, cualquier persona que solicite un CWA debe solicitar el acuerdo con el IRS por lo menos 45 d\u00edas antes de la primera exposici\u00f3n de su itinerario y tenemos que hablar con ustedes dos semanas antes de esto.<\/p>\n","protected":false},"excerpt":{"rendered":"<p>&nbsp; \u00a0\u00bfQu\u00e9 es un Acuerdo de Retenci\u00f3n central (CWA)? Un Acuerdo de Retenci\u00f3n Central es un contrato entre tres partes: un atleta no residente o artista, un agente de pago \u00a0retenci\u00f3n representando el atleta o artista, y el Servicio de Impuestos Internos. Este contrato presenta al IRS con un presupuesto por la gira o el [&hellip;]<\/p>\n","protected":false},"author":3,"featured_media":0,"parent":0,"menu_order":0,"comment_status":"open","ping_status":"closed","template":"","meta":{"_exactmetrics_skip_tracking":false,"_exactmetrics_sitenote_active":false,"_exactmetrics_sitenote_note":"","_exactmetrics_sitenote_category":0,"footnotes":""},"class_list":["post-151","page","type-page","status-publish","czr-hentry"],"_links":{"self":[{"href":"https:\/\/www.cwamanagement.com\/es\/wp-json\/wp\/v2\/pages\/151","targetHints":{"allow":["GET"]}}],"collection":[{"href":"https:\/\/www.cwamanagement.com\/es\/wp-json\/wp\/v2\/pages"}],"about":[{"href":"https:\/\/www.cwamanagement.com\/es\/wp-json\/wp\/v2\/types\/page"}],"author":[{"embeddable":true,"href":"https:\/\/www.cwamanagement.com\/es\/wp-json\/wp\/v2\/users\/3"}],"replies":[{"embeddable":true,"href":"https:\/\/www.cwamanagement.com\/es\/wp-json\/wp\/v2\/comments?post=151"}],"version-history":[{"count":1,"href":"https:\/\/www.cwamanagement.com\/es\/wp-json\/wp\/v2\/pages\/151\/revisions"}],"predecessor-version":[{"id":268,"href":"https:\/\/www.cwamanagement.com\/es\/wp-json\/wp\/v2\/pages\/151\/revisions\/268"}],"wp:attachment":[{"href":"https:\/\/www.cwamanagement.com\/es\/wp-json\/wp\/v2\/media?parent=151"}],"curies":[{"name":"wp","href":"https:\/\/api.w.org\/{rel}","templated":true}]}}