{"id":146,"date":"2013-01-09T21:33:23","date_gmt":"2013-01-09T21:33:23","guid":{"rendered":"http:\/\/www.cwamanagement.com\/servicios\/"},"modified":"2014-01-29T22:40:30","modified_gmt":"2014-01-29T22:40:30","slug":"servicios","status":"publish","type":"page","link":"https:\/\/www.cwamanagement.com\/es\/servicios\/","title":{"rendered":"Servicios"},"content":{"rendered":"<p style=\"text-align: center;\"><img loading=\"lazy\" decoding=\"async\" class=\"size-full wp-image-25 aligncenter\" alt=\"picArea_crowd\" src=\"http:\/\/www.cwamanagement.com\/wp-content\/uploads\/2013\/01\/picArea_crowd.jpg\" width=\"500\" height=\"193\" srcset=\"https:\/\/www.cwamanagement.com\/wp-content\/uploads\/2013\/01\/picArea_crowd.jpg 500w, https:\/\/www.cwamanagement.com\/wp-content\/uploads\/2013\/01\/picArea_crowd-300x115.jpg 300w\" sizes=\"auto, (max-width: 500px) 100vw, 500px\" \/><\/p>\n<p><strong>Le ayudamos a evitar el exceso de retenci\u00f3n del Impuesto sobre la Renta EE.UU.<\/strong><\/p>\n<p style=\"padding-left: 30px;\">Lo que hacemos en CWA Management es negociar con el IRS a favor de atletas y artistas extranjeros que no residen en los Estados Unidos. En el CWA Management, desarrollamos y ejecutamos Acuerdos de Retenci\u00f3n Centrales (CWA) para limitar el exceso de retenci\u00f3n de los ingresos obtenidos de las actuaciones y apariciones en los Estados Unidos, tambien como endosos, patrocinios y otras fuentes de ingresos.<\/p>\n<p>&nbsp;<\/p>\n<ul>\n<ul>\n<li><strong>Con un\u00a0CWA<\/strong>\n<ul>\n<li>El impuesto sobre la Renta en los EE.UU. se retiene solo de los ingresos <strong>NETOS<\/strong> proyectados y es retenido por un solo agente designado para ello.<\/li>\n<\/ul>\n<\/li>\n<\/ul>\n<\/ul>\n<ul>\n<ul>\n<li><strong>Sin un CWA<\/strong>\n<ul>\n<li>La Secci\u00f3n del C\u00f3digo de Rentas Internas de 1441 exige que el 30% de los ingresos brutos proyectados para atletas y artistas extranjeros no residentes sea retenido y depositado en la cuenta del Tesoro de EE.UU. \u00a0para los artistas.<\/li>\n<\/ul>\n<\/li>\n<\/ul>\n<\/ul>\n<p style=\"padding-left: 30px;\">Retenci\u00f3n en esta cuenta puede incluir el lugar, promotor, agente de reservas, y cualquier otra persona que tenga el control, recibo, custodia, enajenaci\u00f3n o el pago de todos los elementos que constituyen los ingresos brutos. Sin la coordinaci\u00f3n de un agente de retenci\u00f3n central designada, inecesarias y multiples retenciones podr\u00edan tener lugar.<\/p>\n<p><strong>Esto es lo que CWA Management puede hacer por usted<\/strong><\/p>\n<ul>\n<li>Aseguramos el cumplimiento de los requisitos del IRS<\/li>\n<\/ul>\n<ul>\n<li>Trabajamos con usted para desarrollar un presupuesto detallado de rendimiento<\/li>\n<\/ul>\n<ul>\n<li>Negociamos un Acuerdo de Retenci\u00f3n central con el IRS<\/li>\n<\/ul>\n<ul>\n<li>Ejecutamos los depositos de transaciones requeridos por el CWA<\/li>\n<\/ul>\n<ul>\n<li>Preparamos el Formulario 1042 y el Formulario 1042-S para el a\u00f1o fiscal y el detalle de la covertura de las ganancias incluida en el CWA<\/li>\n<\/ul>\n<p><strong>\u00bfPor qu\u00e9 elegir\u00a0CWA\u00a0Management?<\/strong><\/p>\n<ul style=\"padding-left: 30px;\">\n<li>\u00a0<strong>Ventajas<\/strong> &#8211; Somos una de las primeras empresas en los EE.UU. que se especializa en negociar y ejecutar los acuerdos de retenci\u00f3n central con el IRS en favor de los Atletas y Artistas extranjeros.<\/li>\n<\/ul>\n<ul style=\"padding-left: 30px;\">\n<li><strong>Conocimiento<\/strong> &#8211; CWA Management esta dirigido por dos socios que ambos han establecido, una carrera exitosa desde hace mucho tiempo en la gesti\u00f3n financiera, tributaria, y servicios de contabilidad.<\/li>\n<\/ul>\n<ul style=\"padding-left: 30px;\">\n<li><strong>Servicio\u00a0&#8211;\u00a0<\/strong>Somos expertos y sabemos c\u00f3mo proporcionar servicio en el que usted puede confiar. Representamos sus intereses seriamente ante el IRS. Cuando usted tiene preguntas, nosotros conseguiremos respuestas en forma oportuna y completa. Y, cuando representamos sus intereses ante el IRS, usted puede esperar excelente servicio y atenci\u00f3n relacionado con su caso.<\/li>\n<\/ul>\n<ul style=\"padding-left: 30px;\">\n<li><strong>Integridad<\/strong> \u2013 Nuestra integridad profesional y personal no es negociable. Tomamos nuestro compromisos en serio y con los m\u00e1s altos est\u00e1ndares \u00e9ticos, profesionales y eficientes para nuestros clientes.<\/li>\n<\/ul>\n","protected":false},"excerpt":{"rendered":"<p>Le ayudamos a evitar el exceso de retenci\u00f3n del Impuesto sobre la Renta EE.UU. Lo que hacemos en CWA Management es negociar con el IRS a favor de atletas y artistas extranjeros que no residen en los Estados Unidos. En el CWA Management, desarrollamos y ejecutamos Acuerdos de Retenci\u00f3n Centrales (CWA) para limitar el exceso [&hellip;]<\/p>\n","protected":false},"author":3,"featured_media":0,"parent":0,"menu_order":0,"comment_status":"closed","ping_status":"closed","template":"","meta":{"_exactmetrics_skip_tracking":false,"_exactmetrics_sitenote_active":false,"_exactmetrics_sitenote_note":"","_exactmetrics_sitenote_category":0,"footnotes":""},"class_list":["post-146","page","type-page","status-publish","czr-hentry"],"_links":{"self":[{"href":"https:\/\/www.cwamanagement.com\/es\/wp-json\/wp\/v2\/pages\/146","targetHints":{"allow":["GET"]}}],"collection":[{"href":"https:\/\/www.cwamanagement.com\/es\/wp-json\/wp\/v2\/pages"}],"about":[{"href":"https:\/\/www.cwamanagement.com\/es\/wp-json\/wp\/v2\/types\/page"}],"author":[{"embeddable":true,"href":"https:\/\/www.cwamanagement.com\/es\/wp-json\/wp\/v2\/users\/3"}],"replies":[{"embeddable":true,"href":"https:\/\/www.cwamanagement.com\/es\/wp-json\/wp\/v2\/comments?post=146"}],"version-history":[{"count":1,"href":"https:\/\/www.cwamanagement.com\/es\/wp-json\/wp\/v2\/pages\/146\/revisions"}],"predecessor-version":[{"id":266,"href":"https:\/\/www.cwamanagement.com\/es\/wp-json\/wp\/v2\/pages\/146\/revisions\/266"}],"wp:attachment":[{"href":"https:\/\/www.cwamanagement.com\/es\/wp-json\/wp\/v2\/media?parent=146"}],"curies":[{"name":"wp","href":"https:\/\/api.w.org\/{rel}","templated":true}]}}