{"id":172,"date":"2013-01-09T21:24:16","date_gmt":"2013-01-09T21:24:16","guid":{"rendered":"http:\/\/www.cwamanagement.com\/kontakt\/"},"modified":"2013-05-04T22:49:13","modified_gmt":"2013-05-04T22:49:13","slug":"kontakt","status":"publish","type":"page","link":"https:\/\/www.cwamanagement.com\/de\/kontakt\/","title":{"rendered":"Kontakt"},"content":{"rendered":"<p>Wir danken Ihnen f\u00fcr Ihr Interesse an CWA Management. Wir freuen uns auf die Gelegenheit mit Ihnen zu arbeiten, Ihren Geldfluss zu verbessern und die Konformit\u00e4t mit den US-Einkommenssteuergesetzen zu gew\u00e4hrleisten.<\/p>\n<p>Um Ihnen besser dienen zu k\u00f6nnen, bitten wir Sie das unten angef\u00fchrte Anfrageformular auszuf\u00fcllen. Nachdem wir Ihre Information erhalten haben, wird Sie einer unserer Auftraggeber kontaktieren, um mit Ihnen ein vertrauliches Gespr\u00e4ch \u00fcber die Bedingungen, spezifisch zu Ihrer Situation, zu f\u00fchren.<\/p>\n\n<div class=\"wpcf7 no-js\" id=\"wpcf7-f8-o1\" lang=\"\" dir=\"ltr\" data-wpcf7-id=\"8\">\n<div class=\"screen-reader-response\"><p role=\"status\" aria-live=\"polite\" aria-atomic=\"true\"><\/p> <ul><\/ul><\/div>\n<form action=\"\/de\/wp-json\/wp\/v2\/pages\/172#wpcf7-f8-o1\" method=\"post\" class=\"wpcf7-form init\" aria-label=\"Kontaktformular\" novalidate=\"novalidate\" data-status=\"init\">\n<fieldset class=\"hidden-fields-container\"><input type=\"hidden\" name=\"_wpcf7\" value=\"8\" \/><input type=\"hidden\" name=\"_wpcf7_version\" value=\"6.1.5\" \/><input type=\"hidden\" name=\"_wpcf7_locale\" value=\"\" \/><input type=\"hidden\" name=\"_wpcf7_unit_tag\" value=\"wpcf7-f8-o1\" \/><input type=\"hidden\" name=\"_wpcf7_container_post\" value=\"0\" \/><input type=\"hidden\" name=\"_wpcf7_posted_data_hash\" value=\"\" \/>\n<\/fieldset>\n<p>Your Name (required)\n<\/p>\n<p><span class=\"wpcf7-form-control-wrap\" data-name=\"your-name\"><input size=\"40\" maxlength=\"400\" class=\"wpcf7-form-control wpcf7-text wpcf7-validates-as-required\" aria-required=\"true\" aria-invalid=\"false\" value=\"\" type=\"text\" name=\"your-name\" \/><\/span>\n<\/p>\n<p>Your Email (required)\n<\/p>\n<p><span class=\"wpcf7-form-control-wrap\" data-name=\"your-email\"><input size=\"40\" maxlength=\"400\" class=\"wpcf7-form-control wpcf7-email wpcf7-validates-as-required wpcf7-text wpcf7-validates-as-email\" aria-required=\"true\" aria-invalid=\"false\" value=\"\" type=\"email\" name=\"your-email\" \/><\/span>\n<\/p>\n<p>Subject\n<\/p>\n<p><span class=\"wpcf7-form-control-wrap\" data-name=\"your-subject\"><input size=\"40\" maxlength=\"400\" class=\"wpcf7-form-control wpcf7-text\" aria-invalid=\"false\" value=\"\" type=\"text\" name=\"your-subject\" \/><\/span>\n<\/p>\n<p>Your Message\n<\/p>\n<p><span class=\"wpcf7-form-control-wrap\" data-name=\"your-message\"><textarea cols=\"40\" rows=\"10\" maxlength=\"2000\" class=\"wpcf7-form-control wpcf7-textarea\" aria-invalid=\"false\" name=\"your-message\"><\/textarea><\/span>\n<\/p>\n<p><input class=\"wpcf7-form-control wpcf7-submit has-spinner\" type=\"submit\" value=\"Send\" \/>\n<\/p><div class=\"wpcf7-response-output\" aria-hidden=\"true\"><\/div>\n<\/form>\n<\/div>\n\n","protected":false},"excerpt":{"rendered":"<p>Wir danken Ihnen f\u00fcr Ihr Interesse an CWA Management. Wir freuen uns auf die Gelegenheit mit Ihnen zu arbeiten, Ihren Geldfluss zu verbessern und die Konformit\u00e4t mit den US-Einkommenssteuergesetzen zu gew\u00e4hrleisten. Um Ihnen besser dienen zu k\u00f6nnen, bitten wir Sie das unten angef\u00fchrte Anfrageformular auszuf\u00fcllen. Nachdem wir Ihre Information erhalten haben, wird Sie einer unserer [&hellip;]<\/p>\n","protected":false},"author":3,"featured_media":0,"parent":0,"menu_order":0,"comment_status":"open","ping_status":"open","template":"","meta":{"_exactmetrics_skip_tracking":false,"_exactmetrics_sitenote_active":false,"_exactmetrics_sitenote_note":"","_exactmetrics_sitenote_category":0,"footnotes":""},"class_list":["post-172","page","type-page","status-publish","czr-hentry"],"_links":{"self":[{"href":"https:\/\/www.cwamanagement.com\/de\/wp-json\/wp\/v2\/pages\/172","targetHints":{"allow":["GET"]}}],"collection":[{"href":"https:\/\/www.cwamanagement.com\/de\/wp-json\/wp\/v2\/pages"}],"about":[{"href":"https:\/\/www.cwamanagement.com\/de\/wp-json\/wp\/v2\/types\/page"}],"author":[{"embeddable":true,"href":"https:\/\/www.cwamanagement.com\/de\/wp-json\/wp\/v2\/users\/3"}],"replies":[{"embeddable":true,"href":"https:\/\/www.cwamanagement.com\/de\/wp-json\/wp\/v2\/comments?post=172"}],"version-history":[{"count":1,"href":"https:\/\/www.cwamanagement.com\/de\/wp-json\/wp\/v2\/pages\/172\/revisions"}],"predecessor-version":[{"id":195,"href":"https:\/\/www.cwamanagement.com\/de\/wp-json\/wp\/v2\/pages\/172\/revisions\/195"}],"wp:attachment":[{"href":"https:\/\/www.cwamanagement.com\/de\/wp-json\/wp\/v2\/media?parent=172"}],"curies":[{"name":"wp","href":"https:\/\/api.w.org\/{rel}","templated":true}]}}