{"id":171,"date":"2013-01-09T21:29:13","date_gmt":"2013-01-09T21:29:13","guid":{"rendered":"http:\/\/www.cwamanagement.com\/hgf\/"},"modified":"2013-05-04T22:46:51","modified_gmt":"2013-05-04T22:46:51","slug":"hgf","status":"publish","type":"page","link":"https:\/\/www.cwamanagement.com\/de\/hgf\/","title":{"rendered":"HGF"},"content":{"rendered":"<p style=\"text-align: center;\"><img loading=\"lazy\" decoding=\"async\" class=\"size-full wp-image-13 aligncenter\" alt=\"picArea_books\" src=\"http:\/\/www.cwamanagement.com\/wp-content\/uploads\/2013\/01\/picArea_books.jpg\" width=\"500\" height=\"193\" srcset=\"https:\/\/www.cwamanagement.com\/wp-content\/uploads\/2013\/01\/picArea_books.jpg 500w, https:\/\/www.cwamanagement.com\/wp-content\/uploads\/2013\/01\/picArea_books-300x115.jpg 300w\" sizes=\"auto, (max-width: 500px) 100vw, 500px\" \/><\/p>\n<p>&nbsp;<\/p>\n<ul>\n<li><span style=\"color: #000000;\"><strong>\u00a0Was ist ein \u201eCentral Withholding Agreement\u201c?<\/strong><\/span><\/li>\n<\/ul>\n<p style=\"padding-left: 30px;\">Ein \u201eCentral Withholding Agreement\u201c (dt. zentrale Abzugsvereinbarung) ist im wesentlichen ein Vertrag zwischen drei Beteiligten: ein\/e nicht-US-ans\u00e4ssige\/r AthletIn oder EntertainerIn; ein zahlender\/Abzugsagent als Handelsvertreter f\u00fcr den\/die AthletIn oder EntertainerIn; und die US-Steuerbeh\u00f6rde (Internal Revenue Service). Dieser Vertrag legt der IRS einem Finanzplan, eine Tournee oder Veranstaltung, einschl. einen von dem\/der AthletIn oder EntertainerIn bezahlten Kostenansatz dar. Die IRS pr\u00fcft den Vertrag und informiert den Abzugsagenten \u00fcber den Betrag zum steuerlichen Abzug, basierend auf das geplante NETTOEINKOMMEN und nicht auf das BRUTTOEINKOMMEN, mit exakt den gleichen S\u00e4tze wie auch f\u00fcr US-B\u00fcrger und hier ans\u00e4ssige.<\/p>\n<p>&nbsp;<\/p>\n<ul>\n<li><span style=\"color: #000000;\">\u00a0<strong>Wer ist eine nicht-US-ans\u00e4ssige Person?<\/strong><\/span><\/li>\n<\/ul>\n<p style=\"padding-left: 30px;\"><span style=\"color: #000000;\">Jegliche Person ohne US-Staatsangeh\u00f6rigkeit oder jegliche US-ans\u00e4ssige Person ohne eine sog. \u201eGreen Card\u201c (Wohnsitznachweis f\u00fcr Ausl\u00e4nder in den USA) wird als eine nicht-US-ans\u00e4ssige Person bezeichnet.<\/span><\/p>\n<p>&nbsp;<\/p>\n<ul>\n<li><span style=\"color: #000000;\">\u00a0<strong>Was ist ein Abzugsagent?<\/strong><\/span><\/li>\n<\/ul>\n<p style=\"padding-left: 30px;\">Ein Abzugsagent ist jegliche Person, die Empfang, Kontrolle, Verwahrung, und Anordnung des Einkommens einer nicht-US-ans\u00e4ssigen Person hat, wenn dieses nach der US-Abgabenordnung Einkommenssteuer-abzugspflichtig ist. Ein Abzugsagent \u00fcbernimmt die pers\u00f6nliche Haftung f\u00fcr die abzugspflichtige Steuer.<\/p>\n<p style=\"padding-left: 30px;\">Auch wenn es m\u00f6glich sein mag, dass es mehrere Abzugsagenten in Verbindung mit derselbe Transaktion geben k\u00f6nne, fordert die IRS, dass die Besteuerung nur einmal abgezogen wird. Demzufolge wird die M\u00f6glichkeit, dass es doppelte Abz\u00fcge gibt, beseitigt wenn man nur einen designierten US-Abzugsagent hat.<\/p>\n<p style=\"padding-left: 30px;\"><span style=\"color: #0000ff;\"><strong>WICHTIG: die IRS wird Central Withholding Agreements NUR mit einem qualifizierten, berechtigten Abzugsagenten verhandeln.\u00a0<\/strong><\/span><\/p>\n<p>&nbsp;<\/p>\n<ul>\n<li><strong>Wie Komplex ist den CWA-Antrag der IRS?<\/strong><\/li>\n<\/ul>\n<p style=\"padding-left: 30px;\">Die folgenden Informationen sind auf dem CWA-Antrag erforderlich:<\/p>\n<p style=\"padding-left: 60px;\">Vertrag mit Angabe der Entlohnung, die die nicht-US-ans\u00e4ssige Person erwerben wird<br \/>\nAnsatz der US-Kosten, die die nicht-US-ans\u00e4ssige Person beabsichtigt zu zahlen, im Vergleich mit dem geplanten Einkommen.<br \/>\nNamen und Anschriften aller, von der Vereinbarung gedeckten, nicht-US-ans\u00e4ssige Personen.<br \/>\nReiseplan mit s\u00e4mtlichen von der Vereinbarung gedeckten Daten, Orte und Veranstaltungen.<br \/>\nKopien aller Vertr\u00e4ge, welche die gedeckte nicht-US-ans\u00e4ssige Person abgeschlossen hat, worin die Zeitperiode und Veranstaltungen oder Vorstellungen von der Vereinbarung aufgelistet wird.<br \/>\nAnsprechpartner im Falle, dass die IRS zus\u00e4tzliche Information ben\u00f6tigt um die Vereinbarung zu bearbeiten (einschl. ein voll ausgefertigtes Formular 8821 oder Formular 2848).<br \/>\nName, Anschrift und EIN (Arbeitgeberidentifikationsnummer) des f\u00fcr die Vereinbarung vorgeschlagenen Abzugsagenten.<\/p>\n<p>&nbsp;<\/p>\n<ul>\n<li><strong>Wie weit im Voraus muss ich mich mit CWA Management in Verbindung setzen?<\/strong><\/li>\n<\/ul>\n<p style=\"padding-left: 30px;\">Desto fr\u00fcher Sie uns einbeziehen, desto besser k\u00f6nnen wir Ihre Interessen vertreten. Wir verstehen aber die temporeiche Eigenschaft der Sport und Unterhaltungsbranchen und tun alles M\u00f6gliche Ihnen zu helfen, sich die gebotenen Gelegenheiten zunutze zu machen. Als Rahmenrichtlinie soll jegliche Person, die eine CWA anfordern m\u00f6chte, wenigsten <strong>45<\/strong> Tage vor der ersten Auff\u00fchrung auf dem Reiseplan eine Vereinbarung mit der IRS treffen. Wir m\u00fcssen mit Ihnen zwei Wochen <strong>davor<\/strong> sprechen.<\/p>\n","protected":false},"excerpt":{"rendered":"<p>&nbsp; \u00a0Was ist ein \u201eCentral Withholding Agreement\u201c? Ein \u201eCentral Withholding Agreement\u201c (dt. zentrale Abzugsvereinbarung) ist im wesentlichen ein Vertrag zwischen drei Beteiligten: ein\/e nicht-US-ans\u00e4ssige\/r AthletIn oder EntertainerIn; ein zahlender\/Abzugsagent als Handelsvertreter f\u00fcr den\/die AthletIn oder EntertainerIn; und die US-Steuerbeh\u00f6rde (Internal Revenue Service). Dieser Vertrag legt der IRS einem Finanzplan, eine Tournee oder Veranstaltung, einschl. einen [&hellip;]<\/p>\n","protected":false},"author":3,"featured_media":0,"parent":0,"menu_order":0,"comment_status":"open","ping_status":"closed","template":"","meta":{"_exactmetrics_skip_tracking":false,"_exactmetrics_sitenote_active":false,"_exactmetrics_sitenote_note":"","_exactmetrics_sitenote_category":0,"footnotes":""},"class_list":["post-171","page","type-page","status-publish","czr-hentry"],"_links":{"self":[{"href":"https:\/\/www.cwamanagement.com\/de\/wp-json\/wp\/v2\/pages\/171","targetHints":{"allow":["GET"]}}],"collection":[{"href":"https:\/\/www.cwamanagement.com\/de\/wp-json\/wp\/v2\/pages"}],"about":[{"href":"https:\/\/www.cwamanagement.com\/de\/wp-json\/wp\/v2\/types\/page"}],"author":[{"embeddable":true,"href":"https:\/\/www.cwamanagement.com\/de\/wp-json\/wp\/v2\/users\/3"}],"replies":[{"embeddable":true,"href":"https:\/\/www.cwamanagement.com\/de\/wp-json\/wp\/v2\/comments?post=171"}],"version-history":[{"count":1,"href":"https:\/\/www.cwamanagement.com\/de\/wp-json\/wp\/v2\/pages\/171\/revisions"}],"predecessor-version":[{"id":194,"href":"https:\/\/www.cwamanagement.com\/de\/wp-json\/wp\/v2\/pages\/171\/revisions\/194"}],"wp:attachment":[{"href":"https:\/\/www.cwamanagement.com\/de\/wp-json\/wp\/v2\/media?parent=171"}],"curies":[{"name":"wp","href":"https:\/\/api.w.org\/{rel}","templated":true}]}}