{"id":168,"date":"2013-01-09T21:33:23","date_gmt":"2013-01-09T21:33:23","guid":{"rendered":"http:\/\/www.cwamanagement.com\/dienstleistungen\/"},"modified":"2013-05-04T22:23:52","modified_gmt":"2013-05-04T22:23:52","slug":"dienstleistungen","status":"publish","type":"page","link":"https:\/\/www.cwamanagement.com\/de\/dienstleistungen\/","title":{"rendered":"Dienstleistungen"},"content":{"rendered":"<p style=\"text-align: center;\"><img loading=\"lazy\" decoding=\"async\" class=\"size-full wp-image-25 aligncenter\" alt=\"picArea_crowd\" src=\"http:\/\/www.cwamanagement.com\/wp-content\/uploads\/2013\/01\/picArea_crowd.jpg\" width=\"500\" height=\"193\" srcset=\"https:\/\/www.cwamanagement.com\/wp-content\/uploads\/2013\/01\/picArea_crowd.jpg 500w, https:\/\/www.cwamanagement.com\/wp-content\/uploads\/2013\/01\/picArea_crowd-300x115.jpg 300w\" sizes=\"auto, (max-width: 500px) 100vw, 500px\" \/><\/p>\n<p><strong>Wir helfen Ihnen eine \u00dcberzahlung an US-Einkommenssteuer zu vermeiden<\/strong><\/p>\n<p style=\"padding-left: 30px;\">CWA Management verhandelt mit der IRS im Auftrag von nicht-US-ans\u00e4ssige Athleten und Entertainern. Wir entwickeln und fertigen rechtsg\u00fcltige Central Withholding Agreements (CWA) aus, welche \u00dcberzahlungen an Abzugssteuer auf in der USA ausgef\u00fchrte Vorstellungen und Auftritte, so wohl als auch -Endorsements\/Unterst\u00fctzungserkl\u00e4rungen, Sponsoring\/F\u00f6rderungen und anderen Einkommensquellen begrenzen.<\/p>\n<p>&nbsp;<\/p>\n<ul>\n<ul>\n<li><strong>Mit einer CWA-Vereinbarung<\/strong>\n<ul>\n<li>US-Einkommenssteuer wird nur auf geplante<strong> NETTOEINKOMMEN<\/strong>, und nur von einem festgelegten Abzugsagenten, abgezogen.<\/li>\n<\/ul>\n<\/li>\n<\/ul>\n<\/ul>\n<ul>\n<ul>\n<li><b>Ohne eine CWA-Vereinbarung<\/b>\n<ul>\n<li>Abschnitt 1441 der Abgabeordnung der USA fordert, dass 30% aller BRUTTOEINKOMMEN f\u00fcr nicht-US-ans\u00e4ssige Athleten und Entertainer an der Quelle besteuert und diese Betr\u00e4ge f\u00fcr Sie in die US-Staatskasse eingezahlt werden m\u00fcssen.<\/li>\n<\/ul>\n<\/li>\n<\/ul>\n<\/ul>\n<p style=\"padding-left: 30px;\">Steuerabz\u00fcge an der Quelle umfassen u.a. Spielort, Werbe Agenturen und Veranstalter, Ticketverkaufsstellen, und jegliche andere Personen, die f\u00fcr die Leitung, Empfang, Anordnung, oder Bezahlung etc. verantwortlich oder involviert sind und Bruttoeinkommen generieren. Ohne Koordination mit einem festgelegten zentralen Abzugsagenten, k\u00f6nnen mehrfache Steuerabz\u00fcge stattfinden.<\/p>\n<p><strong>CWA Management ist f\u00fcr Sie da:<\/strong><\/p>\n<ul>\n<li>Dass Sie die IRS-Vorschriften einhalten<\/li>\n<\/ul>\n<ul>\n<li>Mit Ihnen einen detaillierten Performance-Finanzplan ausarbeiten<\/li>\n<\/ul>\n<ul>\n<li>Einen Central Withholding Agreement (Vertrag) mit der IRS zu verhandeln<\/li>\n<\/ul>\n<ul>\n<li>Transaktionen, angefordert von der ausgefertigten CWA einzuzahlen<\/li>\n<\/ul>\n<ul>\n<li>\u00a0\u201e1042-\u201c und \u201e1042-S-US-Steuerformulare\u201c des Steuerjahres und des von der CWA gedeckten Einkommens einzureichen<\/li>\n<\/ul>\n<p><strong>Warum sollen Sie sich f\u00fcr CWA Management entscheiden?<\/strong><\/p>\n<ul style=\"padding-left: 30px;\">\n<li>\u00a0<strong>Fokus<\/strong> &#8211; Unsere Firma ist einer der Ersten in den USA, die in das Verhandeln mit der IRS und Ausfertigen von Central Withholding Agreements spezialisiert ist.<\/li>\n<\/ul>\n<ul style=\"padding-left: 30px;\">\n<li><strong>Fachkenntnisse<\/strong> &#8211; CWA Management wird von zwei Partnern mit erfolgreichen, seit langer Zeit bestehenden Karrieren in der Finanzverwaltung und Steuer- sowie Buchhaltungsdienstleistung gef\u00fchrt.<\/li>\n<\/ul>\n<ul style=\"padding-left: 30px;\">\n<li><strong>Leistung<\/strong> &#8211; Wir wissen nicht nur was zu tun ist, wir \u00a0bieten auch eine Dienstleistung an, worauf Sie sich verlassen k\u00f6nnen. Wir nehmen Ihre Angelegenheit ernst. Wir vertreten Ihre Interessen vor der IRS. Falls Sie Fragen haben, beantworten wir diese f\u00fcr Sie rechtzeitig und sorgf\u00e4ltig. Wenn wir Ihre Interessen vor der IRS vertreten, k\u00f6nnen Sie mit Detailgenauigkeit bei jedem Schritt, rechnen.<\/li>\n<\/ul>\n<ul style=\"padding-left: 30px;\">\n<li><strong>Integrit\u00e4t<\/strong> &#8211; pers\u00f6nliche und professionelle Integrit\u00e4t sind f\u00fcr uns selbstverst\u00e4ndlich. Wir nehmen die Pflichten unseren Kunden gegen\u00fcber sehr ernst. Zuverl\u00e4ssigkeit und Anst\u00e4ndigkeit haben f\u00fcr uns oberste Priorit\u00e4t und sind wichtiger Teil unserer Firmenpolitik.<\/li>\n<\/ul>\n","protected":false},"excerpt":{"rendered":"<p>Wir helfen Ihnen eine \u00dcberzahlung an US-Einkommenssteuer zu vermeiden CWA Management verhandelt mit der IRS im Auftrag von nicht-US-ans\u00e4ssige Athleten und Entertainern. Wir entwickeln und fertigen rechtsg\u00fcltige Central Withholding Agreements (CWA) aus, welche \u00dcberzahlungen an Abzugssteuer auf in der USA ausgef\u00fchrte Vorstellungen und Auftritte, so wohl als auch -Endorsements\/Unterst\u00fctzungserkl\u00e4rungen, Sponsoring\/F\u00f6rderungen und anderen Einkommensquellen begrenzen. &nbsp; [&hellip;]<\/p>\n","protected":false},"author":3,"featured_media":0,"parent":0,"menu_order":0,"comment_status":"closed","ping_status":"closed","template":"","meta":{"_exactmetrics_skip_tracking":false,"_exactmetrics_sitenote_active":false,"_exactmetrics_sitenote_note":"","_exactmetrics_sitenote_category":0,"footnotes":""},"class_list":["post-168","page","type-page","status-publish","czr-hentry"],"_links":{"self":[{"href":"https:\/\/www.cwamanagement.com\/de\/wp-json\/wp\/v2\/pages\/168","targetHints":{"allow":["GET"]}}],"collection":[{"href":"https:\/\/www.cwamanagement.com\/de\/wp-json\/wp\/v2\/pages"}],"about":[{"href":"https:\/\/www.cwamanagement.com\/de\/wp-json\/wp\/v2\/types\/page"}],"author":[{"embeddable":true,"href":"https:\/\/www.cwamanagement.com\/de\/wp-json\/wp\/v2\/users\/3"}],"replies":[{"embeddable":true,"href":"https:\/\/www.cwamanagement.com\/de\/wp-json\/wp\/v2\/comments?post=168"}],"version-history":[{"count":1,"href":"https:\/\/www.cwamanagement.com\/de\/wp-json\/wp\/v2\/pages\/168\/revisions"}],"predecessor-version":[{"id":192,"href":"https:\/\/www.cwamanagement.com\/de\/wp-json\/wp\/v2\/pages\/168\/revisions\/192"}],"wp:attachment":[{"href":"https:\/\/www.cwamanagement.com\/de\/wp-json\/wp\/v2\/media?parent=168"}],"curies":[{"name":"wp","href":"https:\/\/api.w.org\/{rel}","templated":true}]}}