{"id":121,"date":"2013-01-09T21:22:37","date_gmt":"2013-01-09T21:22:37","guid":{"rendered":"http:\/\/www.cwamanagement.com\/quem-somos\/"},"modified":"2013-03-25T18:29:02","modified_gmt":"2013-03-25T18:29:02","slug":"quem-somos","status":"publish","type":"page","link":"http:\/\/www.cwamanagement.com\/pt-br\/quem-somos\/","title":{"rendered":"Quem Somos"},"content":{"rendered":"<p><img loading=\"lazy\" decoding=\"async\" class=\"aligncenter size-full wp-image-61\" alt=\"picArea_globalShake\" src=\"http:\/\/www.cwamanagement.com\/wp-content\/uploads\/2013\/01\/picArea_globalShake.jpg\" width=\"500\" height=\"193\" srcset=\"http:\/\/www.cwamanagement.com\/wp-content\/uploads\/2013\/01\/picArea_globalShake.jpg 500w, http:\/\/www.cwamanagement.com\/wp-content\/uploads\/2013\/01\/picArea_globalShake-300x115.jpg 300w\" sizes=\"auto, (max-width: 500px) 100vw, 500px\" \/><br \/>\nCWA Management \u00e9 reconhecida pela Receita Federal como um agente de reten\u00e7\u00e3o Central dos EUA e autorizada a negociar um acordo de Reten\u00e7\u00e3o Central com o IRS.<\/p>\n<p><strong>\u00a0Frank Page &#8211;\u00a0Presidente e CEO<\/strong><\/p>\n<p>Frank \u00e9 um Certificado de Contabilidade Publica com 30 anos de experi\u00eancia em neg\u00f3cios diversos. Sua empresa de consultoria, Business Development Partners, Inc., especializada em servi\u00e7os fiscais e de contabilidade para ajudar as empresas a crescer. Ele atuou como diretor financeiro de uma empresa de software l\u00edder e vice-presidente de um dos maiores distribuidores atacadistas de produtos de seguro de pr\u00e9mio \u00fanico nos EUA. \u00a0Ele tamb\u00e9m atuou como diretor de or\u00e7amento e planejamento financeiro de uma grande cadeia de hot\u00e9is. Frank est\u00e1 na demanda como orador de neg\u00f3cios, e tem feito apresenta\u00e7\u00f5es para numeros profissionais, incluindo a empresa Big Four da Deloitte e da Receita Federal. Frank ganhou seu Diploma em Administra\u00e7\u00e3o de Empresas, com especializa\u00e7\u00e3o em Contabilidade, na Stetson University, em Fl\u00f3rida.<br \/>\n<strong>Cecile Glunt &#8211;\u00a0Diretor de Marketing<\/strong><\/p>\n<p>Cecile tem uma carreira diversificada abrangendo mais de 40 anos em finan\u00e7as e tributa\u00e7\u00e3o. Cecile era um oficial de or\u00e7amento para o departamento de defesa para um per\u00edodo de quatro anos. Ela tamb\u00e9m foi uma examinadora de banco e liquidante para a Federal Deposit Insurance Corporation (FDIC) dois anos antes de ir para o IRS em 1988. Em seus 24 anos com o IRS, Cecile tem sido uma auditora fiscal e um membro da equipe de educa\u00e7\u00e3o e comunica\u00e7\u00e3o do contribuinte (TEC), antes de se envolver com o Programa Central Reten\u00e7\u00e3o Acordo (CWA). Desde Junho 2004 Cecile dedicou seu tempo integral para o Programa CWA at\u00e9 se aposentar em Dezembro de 2012. Durante o seu mandato com o programa CWA no IRS ela foi uma gerente de grupo, analista do programa s\u00eanior e do Gerente do Programa atuando por um per\u00edodo de seis meses. Cecile trabalhou em estreita colabora\u00e7\u00e3o com o advogado do IRS e do Tesouro dos EUA em fazer as altera\u00e7\u00f5es propostas para o processo de receita que rege o programa CWA. Cecile tem sido solicitada para palestras, tanto nos Estados Unidos e Canad\u00e1. As apresenta\u00e7\u00f5es que Cecile faz abrangem as complexas quest\u00f5es de pr\u00e9-arquivamento e a reten\u00e7\u00e3o na fonte que s\u00e3o espec\u00edficos para atletas internacionais e artistas do espect\u00e1culo nos EUA. Cecile tem sido uma oradora em APAP, CINARS, POLSTAR, IAAM, Western Art Alliance, Centro-Oeste Arts Alliance e tem sido uma apresentadoar de destaque para o IRS em presenta\u00e7\u00f5es online, bem como conferencias telefonicas. Cecile estudou na Universidade de Phoenix com concentra\u00e7\u00e3o em tributa\u00e7\u00e3o.<\/p>\n","protected":false},"excerpt":{"rendered":"<p>CWA Management \u00e9 reconhecida pela Receita Federal como um agente de reten\u00e7\u00e3o Central dos EUA e autorizada a negociar um acordo de Reten\u00e7\u00e3o Central com o IRS. \u00a0Frank Page &#8211;\u00a0Presidente e CEO Frank \u00e9 um Certificado de Contabilidade Publica com 30 anos de experi\u00eancia em neg\u00f3cios diversos. Sua empresa de consultoria, Business Development Partners, Inc., [&hellip;]<\/p>\n","protected":false},"author":3,"featured_media":0,"parent":0,"menu_order":0,"comment_status":"open","ping_status":"open","template":"","meta":{"_exactmetrics_skip_tracking":false,"_exactmetrics_sitenote_active":false,"_exactmetrics_sitenote_note":"","_exactmetrics_sitenote_category":0,"footnotes":""},"class_list":["post-121","page","type-page","status-publish","czr-hentry"],"_links":{"self":[{"href":"http:\/\/www.cwamanagement.com\/pt-br\/wp-json\/wp\/v2\/pages\/121","targetHints":{"allow":["GET"]}}],"collection":[{"href":"http:\/\/www.cwamanagement.com\/pt-br\/wp-json\/wp\/v2\/pages"}],"about":[{"href":"http:\/\/www.cwamanagement.com\/pt-br\/wp-json\/wp\/v2\/types\/page"}],"author":[{"embeddable":true,"href":"http:\/\/www.cwamanagement.com\/pt-br\/wp-json\/wp\/v2\/users\/3"}],"replies":[{"embeddable":true,"href":"http:\/\/www.cwamanagement.com\/pt-br\/wp-json\/wp\/v2\/comments?post=121"}],"version-history":[{"count":1,"href":"http:\/\/www.cwamanagement.com\/pt-br\/wp-json\/wp\/v2\/pages\/121\/revisions"}],"predecessor-version":[{"id":163,"href":"http:\/\/www.cwamanagement.com\/pt-br\/wp-json\/wp\/v2\/pages\/121\/revisions\/163"}],"wp:attachment":[{"href":"http:\/\/www.cwamanagement.com\/pt-br\/wp-json\/wp\/v2\/media?parent=121"}],"curies":[{"name":"wp","href":"https:\/\/api.w.org\/{rel}","templated":true}]}}