{"id":138,"date":"2013-01-09T21:22:37","date_gmt":"2013-01-09T21:22:37","guid":{"rendered":"http:\/\/www.cwamanagement.com\/a-propos-de-nous\/"},"modified":"2013-07-30T02:33:18","modified_gmt":"2013-07-30T02:33:18","slug":"a-propos-de-nous","status":"publish","type":"page","link":"http:\/\/www.cwamanagement.com\/fr\/a-propos-de-nous\/","title":{"rendered":"A propos de nous"},"content":{"rendered":"<p><img loading=\"lazy\" decoding=\"async\" class=\"aligncenter size-full wp-image-61\" alt=\"picArea_globalShake\" src=\"http:\/\/www.cwamanagement.com\/wp-content\/uploads\/2013\/01\/picArea_globalShake.jpg\" width=\"500\" height=\"193\" srcset=\"http:\/\/www.cwamanagement.com\/wp-content\/uploads\/2013\/01\/picArea_globalShake.jpg 500w, http:\/\/www.cwamanagement.com\/wp-content\/uploads\/2013\/01\/picArea_globalShake-300x115.jpg 300w\" sizes=\"auto, (max-width: 500px) 100vw, 500px\" \/><br \/>\nCWA Management est reconnu par l&#8217;IRS comme un Central agent de retenue am\u00e9ricain et autoris\u00e9 \u00e0 n\u00e9gocier un accord \u00e0 la source centrale avec l&#8217;IRS.<\/p>\n<p><strong>Frank Page \u2013 Pr\u00e9sident et PDG<\/strong><\/p>\n<p>Frank est un comptable certifi\u00e9 avec 30 ans d&#8217;exp\u00e9rience diversifi\u00e9e. Sa soci\u00e9t\u00e9 de consulting, Business Development Partners, Inc., se sp\u00e9cialise dans les services de fiscalit\u00e9 et de comptabilit\u00e9 pour aider les entreprises \u00e0 se d\u00e9velopper. Il \u00e9tait directeur financier d&#8217;une soci\u00e9t\u00e9 de logiciels de grande renomm\u00e9e et vice-pr\u00e9sident de l&#8217;un des plus grands distributeurs en gros de produits d&#8217;assurance \u00e0 prime unique aux \u00c9tats-Unis, il \u00e9tait aussi directeur de la budg\u00e9tisation et de la planification financi\u00e8re pour une grande cha\u00eene d&#8217;h\u00f4tel. Frank est tr\u00e8s \u00a0sollicit\u00e9 comme conf\u00e9rencier d&#8217;affaires, et il a fait des pr\u00e9sentations \u00e0 de nombreuses audiences publiques professionnelles, y compris le Big Four cabinet Deloitte et le service de Revenue Interne am\u00e9ricain IRS. Frank a obtenu sa ma\u00eetrise en administration des affaires, avec sp\u00e9cialisation en comptabilit\u00e9, de l&#8217;Universit\u00e9 de Stetson en Floride.<br \/>\n<strong><\/strong><\/p>\n<p><strong>Cecile Glunt \u2013 Directeur de Marketing<\/strong><\/p>\n<p>C\u00e9cile a une carri\u00e8re diversifi\u00e9e de plus de 40 ans dans la finance et la fiscalit\u00e9. C\u00e9cile \u00e9tait un agent de budget pour le minist\u00e8re de la d\u00e9fense pour une p\u00e9riode de quatre ans. Elle a aussi jou\u00e9 le r\u00f4le d&#8217;examinateur de banque et liquidateur de la \u00ab Federal Deposit Insurance Corporation \u00bb (FDIC) pendant deux ans avant de venir \u00e0 l&#8217;IRS en 1988. Pendant ses 24 ans avec l&#8217;IRS, C\u00e9cile \u00e9tait auditeur fiscal et membre de l&#8217;\u00e9ducation et de la communication du personnel de contribuable (TEC) avant d\u2019\u00eatre impliqu\u00e9e avec le programme d&#8217;accord \u00e0 la source centrale (CWA). Le Programme CWA \u00e9tait le travail \u00e0 temps plein de C\u00e9cile depuis Juin 2004 jusqu&#8217;\u00e0 sa retraite en D\u00e9cembre 2012.<br \/>\nDurant son mandat avec le programme CWA, elle \u00e9tait responsable d\u2019\u00e9quipe, analyste principal de programme et gestionnaire de programme par int\u00e9rim pour une p\u00e9riode de six mois. C\u00e9cile a travaill\u00e9 en \u00e9troite collaboration avec l&#8217;avocat de l&#8217;IRS et le Tr\u00e9sor am\u00e9ricain sur les changements propos\u00e9s \u00e0 la proc\u00e9dure de revenus qui r\u00e9git le programme CWA. En tant que speaker, C\u00e9cile \u00e9tait demand\u00e9 aux \u00c9tats-Unis et au Canada. Les pr\u00e9sentations de C\u00e9cile portent sur les probl\u00e8mes de la complexit\u00e9 de la phase pr\u00e9liminaire \u00e0 la demande et de la retenue fiscales qui sont sp\u00e9cifiques aux athl\u00e8tes et artistes non-r\u00e9sidents aux Etats-Unis. C\u00e9cile \u00e9tait conf\u00e9rencier \u00e0 l&#8217;APAP, CINARS, POLSTAR, IAAM, Western Art Alliance, Midwest Arts Alliance et elle \u00e9tait un pr\u00e9sentateur connu de l&#8217;IRS \u00e0 des s\u00e9minaires en ligne ainsi que des forums via t\u00e9l\u00e9phone. C\u00e9cile a \u00e9tudi\u00e9 \u00e0 l&#8217;Universit\u00e9 de Ph\u0153nix avec une sp\u00e9cialisation en fiscalit\u00e9.<\/p>\n","protected":false},"excerpt":{"rendered":"<p>CWA Management est reconnu par l&#8217;IRS comme un Central agent de retenue am\u00e9ricain et autoris\u00e9 \u00e0 n\u00e9gocier un accord \u00e0 la source centrale avec l&#8217;IRS. Frank Page \u2013 Pr\u00e9sident et PDG Frank est un comptable certifi\u00e9 avec 30 ans d&#8217;exp\u00e9rience diversifi\u00e9e. Sa soci\u00e9t\u00e9 de consulting, Business Development Partners, Inc., se sp\u00e9cialise dans les services de [&hellip;]<\/p>\n","protected":false},"author":3,"featured_media":0,"parent":0,"menu_order":0,"comment_status":"open","ping_status":"open","template":"","meta":{"_exactmetrics_skip_tracking":false,"_exactmetrics_sitenote_active":false,"_exactmetrics_sitenote_note":"","_exactmetrics_sitenote_category":0,"footnotes":""},"class_list":["post-138","page","type-page","status-publish","czr-hentry"],"_links":{"self":[{"href":"http:\/\/www.cwamanagement.com\/fr\/wp-json\/wp\/v2\/pages\/138","targetHints":{"allow":["GET"]}}],"collection":[{"href":"http:\/\/www.cwamanagement.com\/fr\/wp-json\/wp\/v2\/pages"}],"about":[{"href":"http:\/\/www.cwamanagement.com\/fr\/wp-json\/wp\/v2\/types\/page"}],"author":[{"embeddable":true,"href":"http:\/\/www.cwamanagement.com\/fr\/wp-json\/wp\/v2\/users\/3"}],"replies":[{"embeddable":true,"href":"http:\/\/www.cwamanagement.com\/fr\/wp-json\/wp\/v2\/comments?post=138"}],"version-history":[{"count":1,"href":"http:\/\/www.cwamanagement.com\/fr\/wp-json\/wp\/v2\/pages\/138\/revisions"}],"predecessor-version":[{"id":252,"href":"http:\/\/www.cwamanagement.com\/fr\/wp-json\/wp\/v2\/pages\/138\/revisions\/252"}],"wp:attachment":[{"href":"http:\/\/www.cwamanagement.com\/fr\/wp-json\/wp\/v2\/media?parent=138"}],"curies":[{"name":"wp","href":"https:\/\/api.w.org\/{rel}","templated":true}]}}