{"id":150,"date":"2013-01-09T21:22:37","date_gmt":"2013-01-09T21:22:37","guid":{"rendered":"http:\/\/www.cwamanagement.com\/quienes-somos\/"},"modified":"2014-01-29T22:50:52","modified_gmt":"2014-01-29T22:50:52","slug":"quienes-somos","status":"publish","type":"page","link":"http:\/\/www.cwamanagement.com\/es\/quienes-somos\/","title":{"rendered":"\u00bfQui\u00e9nes somos?"},"content":{"rendered":"<p><img loading=\"lazy\" decoding=\"async\" class=\"aligncenter size-full wp-image-61\" alt=\"picArea_globalShake\" src=\"http:\/\/www.cwamanagement.com\/wp-content\/uploads\/2013\/01\/picArea_globalShake.jpg\" width=\"500\" height=\"193\" srcset=\"http:\/\/www.cwamanagement.com\/wp-content\/uploads\/2013\/01\/picArea_globalShake.jpg 500w, http:\/\/www.cwamanagement.com\/wp-content\/uploads\/2013\/01\/picArea_globalShake-300x115.jpg 300w\" sizes=\"auto, (max-width: 500px) 100vw, 500px\" \/><br \/>\nCWA Management es reconocida por el IRS como un agente central de Retenci\u00f3n en EE.UU. y estamos autorizados a negociar un Acuerdo de Retenci\u00f3n central con el IRS.<\/p>\n<p><strong>Frank Page &#8211; Presidente y CEO<\/strong><\/p>\n<p>Frank es un Contador P\u00fablico Certificado con 30 a\u00f1os de experiencia en negocios diversos. Su empresa de consultor\u00eda, Business Development Partners, Inc., se especializa en servicios de impuestos y contabilidad para ayudar a las empresas a crecer. Se ha desempe\u00f1ado como director financiero de una empresa de software l\u00edder y vicepresidente de uno de los mayores distribuidores al por mayor de productos de seguros de prima \u00fanica en los EE.UU. Tambi\u00e9n se ha desempe\u00f1ado como director de presupuesto y planificaci\u00f3n financiera para una importante cadena hotelera. Frank est\u00e1 en la demanda como orador de negocio, y ha hecho presentaciones a numerosas audiencias profesionales, incluyendo la firma de los Big Four de Deloitte y el Servicio de Impuestos Internos. Frank obtuvo su Licenciatura en Administraci\u00f3n de Empresas, con concentraci\u00f3n en Contabilidad de la Universidad de Stetson en la Florida.<br \/>\n<strong>Cecile Glunt \u2013 Directora de Mercadeo<\/strong><\/p>\n<p>Cecile tiene una carrera diversificada que abarca m\u00e1s de 40 a\u00f1os en las finanzas y la fiscalia. Anteriormente, Cecile era una oficial de presupuesto para el departamento de defensa por un per\u00edodo de cuatro a\u00f1os. Ella era tambi\u00e9n un examinador de banco y liquidador de Federal Deposit Insurance Corporation (FDIC) por dos a\u00f1os antes de venir a trabajar con el IRS en 1988. En sus 24 a\u00f1os con el IRS, Cecile ha sido un auditor de impuestos y un miembro de la educaci\u00f3n del contribuyente y el personal de comunicaci\u00f3n (TEC), antes de involucrarse con el Programa de Acuerdo de Retenci\u00f3n central (CWA). El Programa de CWA ha sido el trabajo a tiempo completo de Cecile entre junio de 2004 antes de su jubilacion en diciembre de 2012. Durante su permanencia en el programa CWA ha sido un gerente de grupo, analista senior del programa y el Administrador de programas durante un per\u00edodo de seis meses.\u00a0Cecile ha trabajado estrechamente con el abogado del IRS y el Tesoro de EE.UU. en la toma de los cambios propuestos para el procedimiento de ingreso que rige el programa de CWA. Cecile ha sido conferencista solicitada tanto en los Estados Unidos como en Canad\u00e1. Presentaciones de Cecile cubren las complejas cuestiones previas a la notificaci\u00f3n y retenci\u00f3n de impuestos que son espec\u00edficas para atletas y artistas internationacionales que realizan en los EE.UU. Cecile ha sido conferencista en APAP, CINARS, POLSTAR, IAAM, Western Art Alliance, Midwest Arts Alliance y de las funciones para el IRS en WEBINARS, as\u00ed como de tel\u00e9fono Foros. Cecile estudi\u00f3 en la Universidad de Phoenix con una concentraci\u00f3n en la tributaci\u00f3n.<br \/>\n<strong><br \/>\n<\/strong><\/p>\n","protected":false},"excerpt":{"rendered":"<p>CWA Management es reconocida por el IRS como un agente central de Retenci\u00f3n en EE.UU. y estamos autorizados a negociar un Acuerdo de Retenci\u00f3n central con el IRS. Frank Page &#8211; Presidente y CEO Frank es un Contador P\u00fablico Certificado con 30 a\u00f1os de experiencia en negocios diversos. Su empresa de consultor\u00eda, Business Development Partners, [&hellip;]<\/p>\n","protected":false},"author":3,"featured_media":0,"parent":0,"menu_order":0,"comment_status":"open","ping_status":"open","template":"","meta":{"_exactmetrics_skip_tracking":false,"_exactmetrics_sitenote_active":false,"_exactmetrics_sitenote_note":"","_exactmetrics_sitenote_category":0,"footnotes":""},"class_list":["post-150","page","type-page","status-publish","czr-hentry"],"_links":{"self":[{"href":"http:\/\/www.cwamanagement.com\/es\/wp-json\/wp\/v2\/pages\/150","targetHints":{"allow":["GET"]}}],"collection":[{"href":"http:\/\/www.cwamanagement.com\/es\/wp-json\/wp\/v2\/pages"}],"about":[{"href":"http:\/\/www.cwamanagement.com\/es\/wp-json\/wp\/v2\/types\/page"}],"author":[{"embeddable":true,"href":"http:\/\/www.cwamanagement.com\/es\/wp-json\/wp\/v2\/users\/3"}],"replies":[{"embeddable":true,"href":"http:\/\/www.cwamanagement.com\/es\/wp-json\/wp\/v2\/comments?post=150"}],"version-history":[{"count":1,"href":"http:\/\/www.cwamanagement.com\/es\/wp-json\/wp\/v2\/pages\/150\/revisions"}],"predecessor-version":[{"id":267,"href":"http:\/\/www.cwamanagement.com\/es\/wp-json\/wp\/v2\/pages\/150\/revisions\/267"}],"wp:attachment":[{"href":"http:\/\/www.cwamanagement.com\/es\/wp-json\/wp\/v2\/media?parent=150"}],"curies":[{"name":"wp","href":"https:\/\/api.w.org\/{rel}","templated":true}]}}