{"id":169,"date":"2013-01-09T21:22:37","date_gmt":"2013-01-09T21:22:37","guid":{"rendered":"http:\/\/www.cwamanagement.com\/uber-uns\/"},"modified":"2013-05-04T22:31:15","modified_gmt":"2013-05-04T22:31:15","slug":"uber-uns","status":"publish","type":"page","link":"http:\/\/www.cwamanagement.com\/de\/uber-uns\/","title":{"rendered":"\u00dcber uns"},"content":{"rendered":"<p><img loading=\"lazy\" decoding=\"async\" class=\"aligncenter size-full wp-image-61\" alt=\"picArea_globalShake\" src=\"http:\/\/www.cwamanagement.com\/wp-content\/uploads\/2013\/01\/picArea_globalShake.jpg\" width=\"500\" height=\"193\" srcset=\"http:\/\/www.cwamanagement.com\/wp-content\/uploads\/2013\/01\/picArea_globalShake.jpg 500w, http:\/\/www.cwamanagement.com\/wp-content\/uploads\/2013\/01\/picArea_globalShake-300x115.jpg 300w\" sizes=\"auto, (max-width: 500px) 100vw, 500px\" \/><br \/>\nCWA Management wird von der IRS als Zentrale Abzugsagentur anerkannt und ist befugt, einen Vertrag namens \u201eCentral Withholding Agreement\u201c mit der IRS zu verhandeln.<\/p>\n<p><strong>\u00a0Frank Page &#8211; Vorsitzender und Gesch\u00e4ftsf\u00fchrer<\/strong><\/p>\n<p>Frank ist ein \u201eCertified Public Accountant\u201c \u00a0(Amtlich zugelassener Buch- und Rechnungspr\u00fcfer in den USA) und hat 30 Jahre vielf\u00e4ltige Gesch\u00e4ftserfahrung. Seine Beratungsfirma, Business Development Partmers, Inc., ist auf Steuer- und Buchhaltungsdienstleistungen spezialisiert um Firmen bei ihrer Entwicklung zu unterst\u00fctzen. Weiters war er auch als Finanzchef einer f\u00fchrenden Softwarefirma t\u00e4tig und stellvertretender Vorsitzender einer der wichtigsten Gro\u00dfh\u00e4ndler von Premium-Versicherungsprodukten in den USA. \u00a0Frank diente auch als Haushalts- und Finanzdirektor einer Spitzenhotelkette. Er ist auch ein begehrter Gesch\u00e4ftsredner und hat unter anderem Vortr\u00e4ge an mehrfachen professionellen Zuh\u00f6rerschaften einschl. der \u201eBig Four\u201c Firma von Deloitte und der US-Steuerbeh\u00f6rde \u201eInternal Revenue Service\u201c gehalten. Frank hat seinen Bakkalaureus der Betriebswirtschaft mit Hauptfach Buchhaltung an der Stetson University in Florida abgeschlossen.<br \/>\n<strong>Cecile Glunt &#8211; Vertriebsdirektorin<\/strong><\/p>\n<p>Cecile hat eine vielseitige Karriere mit \u00fcber 40 Jahren in Finanz- und Steuerwesen. Cecile war vier Jahre lang Budget-Aufseherin im US-Verteidigungsministerium. Sie war auch f\u00fcr zwei Jahre Bankrevisorin und Insolvenzverwalterin beim \u201eFederal Deposit Insurance Corporation\u201c (FDIC). Danach wurde sie im Jahre 1988 bei der IRS eingestellt. Cecile hat 24 Jahre bei der IRS verbracht und war eine Steuerpr\u00fcferin und Mitglied des Personals zur Ausbildung und Kommunikation f\u00fcr Steuerzahler (Taxpayer education and communication staff \u201eTEC\u201c) und danach engagierte sie sich f\u00fcr das Central-Withholding-Agreement-Program (CWA). Das CWA-Program war bis Juni 2004 ihre Vollzeitbesch\u00e4ftigung, bis sie im Dezember 2012 in die Rente ging. Weiters war sie w\u00e4hrend ihrer Anstellung beim CWA-Program Gruppenmanagerin, eine h\u00f6herrangige Programanalytikerin und f\u00fcr sechs Monate stellvertretende Programmanagerin.<br \/>\nCecile arbeitete dicht mit dem Syndikus der IRS und dem US-Finanzministerium um \u00c4nderungen zur CWA-regulierenden Abgabeordnung vorzuschlagen. Cecile ist eine begehrte Rednerin in den Vereinigten Staaten so wohl als auch in Canada. Ceciles Vortr\u00e4ge decken komplizierte Steuerabzugsanfragen, welche f\u00fcr ausl\u00e4ndische Athleten und Entertainern mit Vorstellungen\/Auftritte in den USA spezifisch sind. Cecile wurde Rednerin beim APAP, CINARS, POLSTAR, IAAM, Western Art Alliance, Midwest Arts Alliance, und wurde Sondervortragsrednerin der IRS in Webinars und auch Telefonforen. Cecile studierte an der University of Phoenix mit Hauptfach im Steuerwesen.<br \/>\n<strong>Karen Villa<\/strong><br \/>\nKaren has a diversified career covering more than 44 years in business and taxation. \u00a0Karen began her career as self-employed for 8 years, then as an auditor for a tax-exempt organization for 12 years. \u00a0Karen joined the Internal Revenue Service in 1988 working first as Taxpayer Representative for businesses. \u00a0She then became a Specialist and focused on International taxation, and then a member of the Taxpayer Education and Communication staff (TEC) prior to becoming involved with the Central Withholding Agreement Program (CWA). \u00a0The CWA Program has been Karen\u2019s full time work from 2006 until she retired in December 2012. \u00a0During her tenure with the CWA program she has been a Senior Tax Specialist analyzing applications and preparing CWAs. \u00a0While working in Taxpayer Education &amp; Communication, Karen taught at tax practitioner education seminars, developed and administered national phone forums. \u00a0She also developed a joint practitioner workshop for the Internal Revenue Service and Revenue Canada. She was also a requested speaker at CPA and Enrolled Agent seminars and workshops. \u00a0Karen\u2019s recent position with the CWA program has given her a thorough understanding of the complex pre-filing and tax withholding issues that apply to international athletes and entertainers performing in the USA. \u00a0Karen holds a Bachelor of Science degree in Accounting from Liberty University in Lynchburg, VA.<\/p>\n","protected":false},"excerpt":{"rendered":"<p>CWA Management wird von der IRS als Zentrale Abzugsagentur anerkannt und ist befugt, einen Vertrag namens \u201eCentral Withholding Agreement\u201c mit der IRS zu verhandeln. \u00a0Frank Page &#8211; Vorsitzender und Gesch\u00e4ftsf\u00fchrer Frank ist ein \u201eCertified Public Accountant\u201c \u00a0(Amtlich zugelassener Buch- und Rechnungspr\u00fcfer in den USA) und hat 30 Jahre vielf\u00e4ltige Gesch\u00e4ftserfahrung. Seine Beratungsfirma, Business Development Partmers, [&hellip;]<\/p>\n","protected":false},"author":3,"featured_media":0,"parent":0,"menu_order":0,"comment_status":"open","ping_status":"open","template":"","meta":{"_exactmetrics_skip_tracking":false,"_exactmetrics_sitenote_active":false,"_exactmetrics_sitenote_note":"","_exactmetrics_sitenote_category":0,"footnotes":""},"class_list":["post-169","page","type-page","status-publish","czr-hentry"],"_links":{"self":[{"href":"http:\/\/www.cwamanagement.com\/de\/wp-json\/wp\/v2\/pages\/169","targetHints":{"allow":["GET"]}}],"collection":[{"href":"http:\/\/www.cwamanagement.com\/de\/wp-json\/wp\/v2\/pages"}],"about":[{"href":"http:\/\/www.cwamanagement.com\/de\/wp-json\/wp\/v2\/types\/page"}],"author":[{"embeddable":true,"href":"http:\/\/www.cwamanagement.com\/de\/wp-json\/wp\/v2\/users\/3"}],"replies":[{"embeddable":true,"href":"http:\/\/www.cwamanagement.com\/de\/wp-json\/wp\/v2\/comments?post=169"}],"version-history":[{"count":2,"href":"http:\/\/www.cwamanagement.com\/de\/wp-json\/wp\/v2\/pages\/169\/revisions"}],"predecessor-version":[{"id":193,"href":"http:\/\/www.cwamanagement.com\/de\/wp-json\/wp\/v2\/pages\/169\/revisions\/193"}],"wp:attachment":[{"href":"http:\/\/www.cwamanagement.com\/de\/wp-json\/wp\/v2\/media?parent=169"}],"curies":[{"name":"wp","href":"https:\/\/api.w.org\/{rel}","templated":true}]}}